{"id":4122,"date":"2016-02-11T01:00:54","date_gmt":"2016-02-11T01:00:54","guid":{"rendered":"http:\/\/manoirvillemarie.com\/fr\/?page_id=4122"},"modified":"2016-06-20T09:52:46","modified_gmt":"2016-06-20T09:52:46","slug":"quoi-faire","status":"publish","type":"page","link":"https:\/\/manoirvillemarie.com\/fr\/quoi-faire\/","title":{"rendered":"QUOI FAIRE"},"content":{"rendered":"","protected":false},"excerpt":{"rendered":"","protected":false},"author":4,"featured_media":0,"parent":0,"menu_order":0,"comment_status":"closed","ping_status":"closed","template":"","meta":{"footnotes":""},"class_list":["post-4122","page","type-page","status-publish","hentry"],"yoast_head":"<!-- This site is optimized with the Yoast SEO plugin v25.4 - https:\/\/yoast.com\/wordpress\/plugins\/seo\/ -->\n<title>Quoi faire \u00e0 Montr\u00e9al | Manoir Ville Marie<\/title>\n<meta name=\"description\" content=\"D\u00e9couvrez quoi faire \u00e0 Montr\u00e9al tout au long de l&#039;ann\u00e9e avec ces nombreuses activit\u00e9s et \u00e9v\u00e9nements. R\u00e9servez un s\u00e9jour \u00e0 l&#039;auberge Manoir Ville Marie.\" \/>\n<meta name=\"robots\" content=\"index, follow, max-snippet:-1, max-image-preview:large, max-video-preview:-1\" \/>\n<link rel=\"canonical\" href=\"https:\/\/manoirvillemarie.com\/fr\/quoi-faire\/\" \/>\n<meta property=\"og:locale\" content=\"en_US\" \/>\n<meta property=\"og:type\" content=\"article\" \/>\n<meta property=\"og:title\" content=\"Quoi faire \u00e0 Montr\u00e9al | Manoir Ville Marie\" \/>\n<meta property=\"og:description\" content=\"D\u00e9couvrez quoi faire \u00e0 Montr\u00e9al tout au long de l&#039;ann\u00e9e avec ces nombreuses activit\u00e9s et \u00e9v\u00e9nements. R\u00e9servez un s\u00e9jour \u00e0 l&#039;auberge Manoir Ville Marie.\" \/>\n<meta property=\"og:url\" content=\"https:\/\/manoirvillemarie.com\/fr\/quoi-faire\/\" \/>\n<meta property=\"og:site_name\" content=\"Hotel Manoir Ville Marie\" \/>\n<meta property=\"article:modified_time\" content=\"2016-06-20T09:52:46+00:00\" \/>\n<meta name=\"twitter:card\" content=\"summary_large_image\" \/>\n<script type=\"application\/ld+json\" class=\"yoast-schema-graph\">{\"@context\":\"https:\/\/schema.org\",\"@graph\":[{\"@type\":\"WebPage\",\"@id\":\"https:\/\/manoirvillemarie.com\/fr\/quoi-faire\/\",\"url\":\"https:\/\/manoirvillemarie.com\/fr\/quoi-faire\/\",\"name\":\"Quoi faire \u00e0 Montr\u00e9al | Manoir Ville Marie\",\"isPartOf\":{\"@id\":\"https:\/\/manoirvillemarie.com\/fr\/#website\"},\"datePublished\":\"2016-02-11T01:00:54+00:00\",\"dateModified\":\"2016-06-20T09:52:46+00:00\",\"description\":\"D\u00e9couvrez quoi faire \u00e0 Montr\u00e9al tout au long de l'ann\u00e9e avec ces nombreuses activit\u00e9s et \u00e9v\u00e9nements. R\u00e9servez un s\u00e9jour \u00e0 l'auberge Manoir Ville Marie.\",\"breadcrumb\":{\"@id\":\"https:\/\/manoirvillemarie.com\/fr\/quoi-faire\/#breadcrumb\"},\"inLanguage\":\"en-US\",\"potentialAction\":[{\"@type\":\"ReadAction\",\"target\":[\"https:\/\/manoirvillemarie.com\/fr\/quoi-faire\/\"]}]},{\"@type\":\"BreadcrumbList\",\"@id\":\"https:\/\/manoirvillemarie.com\/fr\/quoi-faire\/#breadcrumb\",\"itemListElement\":[{\"@type\":\"ListItem\",\"position\":1,\"name\":\"Home\",\"item\":\"https:\/\/manoirvillemarie.com\/fr\/\"},{\"@type\":\"ListItem\",\"position\":2,\"name\":\"QUOI FAIRE\"}]},{\"@type\":\"WebSite\",\"@id\":\"https:\/\/manoirvillemarie.com\/fr\/#website\",\"url\":\"https:\/\/manoirvillemarie.com\/fr\/\",\"name\":\"Hotel Manoir Ville Marie\",\"description\":\"Auberge Hotel Manoir Ville Marie Montreal\",\"potentialAction\":[{\"@type\":\"SearchAction\",\"target\":{\"@type\":\"EntryPoint\",\"urlTemplate\":\"https:\/\/manoirvillemarie.com\/fr\/?s={search_term_string}\"},\"query-input\":{\"@type\":\"PropertyValueSpecification\",\"valueRequired\":true,\"valueName\":\"search_term_string\"}}],\"inLanguage\":\"en-US\"}]}<\/script>\n<!-- \/ Yoast SEO plugin. -->","yoast_head_json":{"title":"Quoi faire \u00e0 Montr\u00e9al | Manoir Ville Marie","description":"D\u00e9couvrez quoi faire \u00e0 Montr\u00e9al tout au long de l'ann\u00e9e avec ces nombreuses activit\u00e9s et \u00e9v\u00e9nements. R\u00e9servez un s\u00e9jour \u00e0 l'auberge Manoir Ville Marie.","robots":{"index":"index","follow":"follow","max-snippet":"max-snippet:-1","max-image-preview":"max-image-preview:large","max-video-preview":"max-video-preview:-1"},"canonical":"https:\/\/manoirvillemarie.com\/fr\/quoi-faire\/","og_locale":"en_US","og_type":"article","og_title":"Quoi faire \u00e0 Montr\u00e9al | Manoir Ville Marie","og_description":"D\u00e9couvrez quoi faire \u00e0 Montr\u00e9al tout au long de l'ann\u00e9e avec ces nombreuses activit\u00e9s et \u00e9v\u00e9nements. R\u00e9servez un s\u00e9jour \u00e0 l'auberge Manoir Ville Marie.","og_url":"https:\/\/manoirvillemarie.com\/fr\/quoi-faire\/","og_site_name":"Hotel Manoir Ville Marie","article_modified_time":"2016-06-20T09:52:46+00:00","twitter_card":"summary_large_image","schema":{"@context":"https:\/\/schema.org","@graph":[{"@type":"WebPage","@id":"https:\/\/manoirvillemarie.com\/fr\/quoi-faire\/","url":"https:\/\/manoirvillemarie.com\/fr\/quoi-faire\/","name":"Quoi faire \u00e0 Montr\u00e9al | Manoir Ville Marie","isPartOf":{"@id":"https:\/\/manoirvillemarie.com\/fr\/#website"},"datePublished":"2016-02-11T01:00:54+00:00","dateModified":"2016-06-20T09:52:46+00:00","description":"D\u00e9couvrez quoi faire \u00e0 Montr\u00e9al tout au long de l'ann\u00e9e avec ces nombreuses activit\u00e9s et \u00e9v\u00e9nements. R\u00e9servez un s\u00e9jour \u00e0 l'auberge Manoir Ville Marie.","breadcrumb":{"@id":"https:\/\/manoirvillemarie.com\/fr\/quoi-faire\/#breadcrumb"},"inLanguage":"en-US","potentialAction":[{"@type":"ReadAction","target":["https:\/\/manoirvillemarie.com\/fr\/quoi-faire\/"]}]},{"@type":"BreadcrumbList","@id":"https:\/\/manoirvillemarie.com\/fr\/quoi-faire\/#breadcrumb","itemListElement":[{"@type":"ListItem","position":1,"name":"Home","item":"https:\/\/manoirvillemarie.com\/fr\/"},{"@type":"ListItem","position":2,"name":"QUOI FAIRE"}]},{"@type":"WebSite","@id":"https:\/\/manoirvillemarie.com\/fr\/#website","url":"https:\/\/manoirvillemarie.com\/fr\/","name":"Hotel Manoir Ville Marie","description":"Auberge Hotel Manoir Ville Marie Montreal","potentialAction":[{"@type":"SearchAction","target":{"@type":"EntryPoint","urlTemplate":"https:\/\/manoirvillemarie.com\/fr\/?s={search_term_string}"},"query-input":{"@type":"PropertyValueSpecification","valueRequired":true,"valueName":"search_term_string"}}],"inLanguage":"en-US"}]}},"_links":{"self":[{"href":"https:\/\/manoirvillemarie.com\/fr\/wp-json\/wp\/v2\/pages\/4122","targetHints":{"allow":["GET"]}}],"collection":[{"href":"https:\/\/manoirvillemarie.com\/fr\/wp-json\/wp\/v2\/pages"}],"about":[{"href":"https:\/\/manoirvillemarie.com\/fr\/wp-json\/wp\/v2\/types\/page"}],"author":[{"embeddable":true,"href":"https:\/\/manoirvillemarie.com\/fr\/wp-json\/wp\/v2\/users\/4"}],"replies":[{"embeddable":true,"href":"https:\/\/manoirvillemarie.com\/fr\/wp-json\/wp\/v2\/comments?post=4122"}],"version-history":[{"count":15,"href":"https:\/\/manoirvillemarie.com\/fr\/wp-json\/wp\/v2\/pages\/4122\/revisions"}],"predecessor-version":[{"id":4488,"href":"https:\/\/manoirvillemarie.com\/fr\/wp-json\/wp\/v2\/pages\/4122\/revisions\/4488"}],"wp:attachment":[{"href":"https:\/\/manoirvillemarie.com\/fr\/wp-json\/wp\/v2\/media?parent=4122"}],"curies":[{"name":"wp","href":"https:\/\/api.w.org\/{rel}","templated":true}]}}